{"id":870,"date":"2019-04-04T08:57:33","date_gmt":"2019-04-04T08:57:33","guid":{"rendered":"http:\/\/diamnd-blackfan-ev-ansicht.advosbrand.de\/?page_id=870"},"modified":"2019-05-10T11:47:11","modified_gmt":"2019-05-10T11:47:11","slug":"haftungsausschluss","status":"publish","type":"page","link":"https:\/\/diamond-blackfan.de\/?page_id=870","title":{"rendered":"Haftungsausschluss"},"content":{"rendered":"\t\t<div data-elementor-type=\"wp-post\" data-elementor-id=\"870\" class=\"elementor elementor-870\">\n\t\t\t\t\t\t<section class=\"elementor-section elementor-top-section elementor-element elementor-element-d488bb6 elementor-section-boxed elementor-section-height-default elementor-section-height-default\" data-id=\"d488bb6\" data-element_type=\"section\">\n\t\t\t\t\t\t<div class=\"elementor-container elementor-column-gap-default\">\n\t\t\t\t\t<div class=\"elementor-column elementor-col-100 elementor-top-column elementor-element elementor-element-2d21703\" data-id=\"2d21703\" data-element_type=\"column\">\n\t\t\t<div class=\"elementor-widget-wrap elementor-element-populated\">\n\t\t\t\t\t\t<div class=\"elementor-element elementor-element-03fd7d7 elementor-widget elementor-widget-heading\" data-id=\"03fd7d7\" data-element_type=\"widget\" data-widget_type=\"heading.default\">\n\t\t\t\t<div class=\"elementor-widget-container\">\n\t\t\t\t\t<h3 class=\"elementor-heading-title elementor-size-large\">Haftungsausschluss<\/h3>\t\t\t\t<\/div>\n\t\t\t\t<\/div>\n\t\t\t\t<div class=\"elementor-element elementor-element-edbe9aa elementor-widget elementor-widget-text-editor\" data-id=\"edbe9aa\" data-element_type=\"widget\" data-widget_type=\"text-editor.default\">\n\t\t\t\t<div class=\"elementor-widget-container\">\n\t\t\t\t\t\t\t\t\t<p>Mit Urteil vom 12. Mai 1998 hat das Landgericht Hamburg entschieden, dass man durch die Einbindung eines Links gegebenenfalls f\u00fcr die Inhalte der gelinkten Seite mit verantwortlich ist. Die auf diesen Seiten vorhandenen Links zu fremden Anbietern wurden nach bestem Wissen und Gewissen erstellt. Dabei wurde auf die Vertrauensw\u00fcrdigkeit der jeweiligen Anbieter geachtet. Eine Einzelfallpr\u00fcfung s\u00e4mtlicher Inhalte ist nicht in jedem Fall m\u00f6glich. Deshalb wird hiermit ausdr\u00fccklich betont, dass wir keinerlei Einfluss auf Gestaltung oder Inhalte der gelinkten Seiten haben. Wir distanzieren uns daher ausdr\u00fccklich von allen Inhalten s\u00e4mtlicher gelinkter Seiten und deren Folge-Links und machen uns die fremden Inhalte nicht zu eigen. Wir bitten die Leser, uns umgehend auf etwaige rechtswidrige Inhalte der gelinkten Seiten aufmerksam zu machen.<\/p><p>Die auf diesen Seiten enthaltenen medizinischen Informationen wurden nach bestem Wissen und Gewissen zusammengestellt, ersetzen aber keine professionelle medizinische Beratung. Wir \u00fcbernehmen keine Verantwortung f\u00fcr die Richtigkeit der hier dargestellten Inhalte.<\/p><p>Wir \u00fcbernehmen auch keine Haftung f\u00fcr eventuelle Sch\u00e4den, die aus der Benutzung dieser Seiten entstehen k\u00f6nnten. Die zum Download angebotenen Dateien sind zwar frei von Viren, dem Besucher wird aber eine erneute Virenpr\u00fcfung empfohlen.<\/p><p>Der Anbieter beh\u00e4lt sich vor, jederzeit und ohne vorherige Ank\u00fcndigung, \u00c4nderungen oder Erg\u00e4nzungen der bereitgestellten Informationen oder Daten vorzunehmen oder die Website vollst\u00e4ndig offline zu nehmen.<\/p><p>Sofern Teile oder einzelne Formulierungen dieses Textes der geltenden Rechtslage nicht, nicht mehr oder nicht vollst\u00e4ndig entsprechen, bleiben die \u00fcbrigen Teile des Textes in ihrem Inhalt und ihrer G\u00fcltigkeit unber\u00fchrt.<\/p><p>Verantwortlich f\u00fcr dieses Angebot:<br \/>Diamond &#8211; Blackfan \u2014 An\u00e4mie Selbsthilfe Deutschland e.V., Michael von Eicken (Webmaster)<br \/>Kontakt: <a href=\"mailto:webmaster@diamond-blackfan.de\">webmaster@diamond-blackfan.de<\/a><\/p><p>\u00a0<\/p>\t\t\t\t\t\t\t\t<\/div>\n\t\t\t\t<\/div>\n\t\t\t\t\t<\/div>\n\t\t<\/div>\n\t\t\t\t\t<\/div>\n\t\t<\/section>\n\t\t\t\t<\/div>\n\t\t","protected":false},"excerpt":{"rendered":"<p>Haftungsausschluss Mit Urteil vom 12. Mai 1998 hat das Landgericht Hamburg entschieden, dass man durch die Einbindung eines Links gegebenenfalls f\u00fcr die Inhalte der gelinkten Seite mit verantwortlich ist. Die auf diesen Seiten vorhandenen Links zu fremden Anbietern wurden nach bestem Wissen und Gewissen erstellt. Dabei wurde auf die Vertrauensw\u00fcrdigkeit der jeweiligen Anbieter geachtet. Eine [&hellip;]<\/p>\n","protected":false},"author":1,"featured_media":0,"parent":0,"menu_order":0,"comment_status":"closed","ping_status":"closed","template":"elementor_header_footer","meta":{"zakra_sidebar_layout":"customizer","zakra_remove_content_margin":false,"zakra_sidebar":"customizer","zakra_transparent_header":"0","zakra_logo":0,"zakra_main_header_style":"default","zakra_menu_item_color":"","zakra_menu_item_hover_color":"","zakra_menu_item_active_color":"","zakra_menu_active_style":"","zakra_page_header":true,"footnotes":""},"class_list":["post-870","page","type-page","status-publish","hentry"],"_links":{"self":[{"href":"https:\/\/diamond-blackfan.de\/index.php?rest_route=\/wp\/v2\/pages\/870","targetHints":{"allow":["GET"]}}],"collection":[{"href":"https:\/\/diamond-blackfan.de\/index.php?rest_route=\/wp\/v2\/pages"}],"about":[{"href":"https:\/\/diamond-blackfan.de\/index.php?rest_route=\/wp\/v2\/types\/page"}],"author":[{"embeddable":true,"href":"https:\/\/diamond-blackfan.de\/index.php?rest_route=\/wp\/v2\/users\/1"}],"replies":[{"embeddable":true,"href":"https:\/\/diamond-blackfan.de\/index.php?rest_route=%2Fwp%2Fv2%2Fcomments&post=870"}],"version-history":[{"count":3,"href":"https:\/\/diamond-blackfan.de\/index.php?rest_route=\/wp\/v2\/pages\/870\/revisions"}],"predecessor-version":[{"id":1494,"href":"https:\/\/diamond-blackfan.de\/index.php?rest_route=\/wp\/v2\/pages\/870\/revisions\/1494"}],"wp:attachment":[{"href":"https:\/\/diamond-blackfan.de\/index.php?rest_route=%2Fwp%2Fv2%2Fmedia&parent=870"}],"curies":[{"name":"wp","href":"https:\/\/api.w.org\/{rel}","templated":true}]}}