{"id":855,"date":"2019-04-04T08:15:24","date_gmt":"2019-04-04T08:15:24","guid":{"rendered":"http:\/\/diamnd-blackfan-ev-ansicht.advosbrand.de\/?page_id=855"},"modified":"2021-11-09T09:02:53","modified_gmt":"2021-11-09T09:02:53","slug":"links","status":"publish","type":"page","link":"https:\/\/diamond-blackfan.de\/?page_id=855","title":{"rendered":"F\u00f6rderungen"},"content":{"rendered":"\t\t<div data-elementor-type=\"wp-post\" data-elementor-id=\"855\" class=\"elementor elementor-855\">\n\t\t\t\t\t\t<section class=\"elementor-section elementor-top-section elementor-element elementor-element-6ec54da elementor-section-boxed elementor-section-height-default elementor-section-height-default\" data-id=\"6ec54da\" data-element_type=\"section\">\n\t\t\t\t\t\t<div class=\"elementor-container elementor-column-gap-default\">\n\t\t\t\t\t<div class=\"elementor-column elementor-col-50 elementor-top-column elementor-element elementor-element-afc11e8\" data-id=\"afc11e8\" data-element_type=\"column\">\n\t\t\t<div class=\"elementor-widget-wrap elementor-element-populated\">\n\t\t\t\t\t\t<div class=\"elementor-element elementor-element-ea155ef elementor-widget elementor-widget-heading\" data-id=\"ea155ef\" data-element_type=\"widget\" data-widget_type=\"heading.default\">\n\t\t\t\t<div class=\"elementor-widget-container\">\n\t\t\t\t\t<h3 class=\"elementor-heading-title elementor-size-large\">F\u00f6rderungen<\/h3>\t\t\t\t<\/div>\n\t\t\t\t<\/div>\n\t\t\t\t<div class=\"elementor-element elementor-element-dee6bd4 elementor-widget elementor-widget-text-editor\" data-id=\"dee6bd4\" data-element_type=\"widget\" data-widget_type=\"text-editor.default\">\n\t\t\t\t<div class=\"elementor-widget-container\">\n\t\t\t\t\t\t\t\t\t<p><strong>Erhaltene F\u00f6rdermittel aus der Gemeinschaftsf\u00f6rderung der gesetzlichen Krankenkassen:<\/strong><\/p><p>GKV -Gemeinschaftsf\u00f6rderung Selbsthilfe auf Bundesebene\u2018 nach \u00a720h SGB V pauschale F\u00f6rdermittel:<\/p><ul><li>2020:\u00a0 5.000,00 EUR<\/li><li>2019:\u00a0 &#8211;<\/li><li>2018:\u00a0 5.000,00 EUR<\/li><li>2017:\u00a0 5.000,00 EUR<\/li><li>2016:\u00a0 3.500,00 EUR<\/li><li>2015:\u00a0 1.500,00 EUR<\/li><li>2014:\u00a0 1.500,00 EUR<\/li><li>2013:\u00a0 1.500,00 EUR<\/li><\/ul><div>\u00a0<\/div><div>\u00a0<\/div>\t\t\t\t\t\t\t\t<\/div>\n\t\t\t\t<\/div>\n\t\t\t\t\t<\/div>\n\t\t<\/div>\n\t\t\t\t<div class=\"elementor-column elementor-col-50 elementor-top-column elementor-element elementor-element-7adbcfc\" data-id=\"7adbcfc\" data-element_type=\"column\" data-settings=\"{&quot;background_background&quot;:&quot;classic&quot;}\">\n\t\t\t<div class=\"elementor-widget-wrap elementor-element-populated\">\n\t\t\t\t\t\t<div class=\"elementor-element elementor-element-ff916ba elementor-widget elementor-widget-image\" data-id=\"ff916ba\" data-element_type=\"widget\" data-widget_type=\"image.default\">\n\t\t\t\t<div class=\"elementor-widget-container\">\n\t\t\t\t\t\t\t\t\t\t\t\t\t\t\t\t<a href=\"http:\/\/www.shopplusplus.de\/diamond-blackfan\" target=\"_blank\">\n\t\t\t\t\t\t\t<img decoding=\"async\" width=\"151\" height=\"100\" src=\"https:\/\/diamond-blackfan.de\/wp-content\/uploads\/2019\/04\/Shoppenhilft_Verein_151x100.png\" class=\"attachment-large size-large wp-image-948\" alt=\"\" srcset=\"https:\/\/diamond-blackfan.de\/wp-content\/uploads\/2019\/04\/Shoppenhilft_Verein_151x100.png 151w, https:\/\/diamond-blackfan.de\/wp-content\/uploads\/2019\/04\/Shoppenhilft_Verein_151x100-150x100.png 150w\" sizes=\"(max-width: 151px) 100vw, 151px\" \/>\t\t\t\t\t\t\t\t<\/a>\n\t\t\t\t\t\t\t\t\t\t\t\t\t\t\t<\/div>\n\t\t\t\t<\/div>\n\t\t\t\t<div class=\"elementor-element elementor-element-0d923ff elementor-widget elementor-widget-html\" data-id=\"0d923ff\" data-element_type=\"widget\" data-widget_type=\"html.default\">\n\t\t\t\t<div class=\"elementor-widget-container\">\n\t\t\t\t\t<div style=\"text-align:center\"><form action=\"https:\/\/www.paypal.com\/cgi-bin\/webscr\" method=\"post\" target=\"_top\">\r\n\r\n<input type=\"hidden\" name=\"cmd\" value=\"_s-xclick\" \/>\r\n\r\n<input type=\"hidden\" name=\"hosted_button_id\" value=\"7DVELAUQXDSR6\" \/>\r\n\r\n<input type=\"image\" src=\"https:\/\/www.paypalobjects.com\/de_DE\/DE\/i\/btn\/btn_donateCC_LG.gif\" border=\"0\" name=\"submit\" title=\"PayPal - The safer, easier way to pay online!\" alt=\"Spenden mit dem PayPal-Button\" \/>\r\n\r\n<img decoding=\"async\" alt=\"\" border=\"0\" src=\"https:\/\/www.paypal.com\/de_DE\/i\/scr\/pixel.gif\" width=\"1\" height=\"1\" \/>\r\n\r\n<\/form>\r\n<\/div>\t\t\t\t<\/div>\n\t\t\t\t<\/div>\n\t\t\t\t<div class=\"elementor-element elementor-element-8c156b3 elementor-widget elementor-widget-html\" data-id=\"8c156b3\" data-element_type=\"widget\" data-widget_type=\"html.default\">\n\t\t\t\t<div class=\"elementor-widget-container\">\n\t\t\t\t\t\n\n<div class=\"su-posts su-posts-default-loop \">\n\n\t\n\t\t\t\t\t\n\t\t\t\n\t\t\t<div id=\"su-post-1925\" class=\"su-post \">\n\n\t\t\t\t\t\t\t\t\t<a class=\"su-post-thumbnail\" href=\"https:\/\/diamond-blackfan.de\/?p=1925\"><img fetchpriority=\"high\" decoding=\"async\" width=\"1278\" height=\"719\" src=\"https:\/\/diamond-blackfan.de\/wp-content\/uploads\/2023\/10\/kv-video.jpg\" class=\"attachment-post-thumbnail size-post-thumbnail wp-post-image\" alt=\"\" srcset=\"https:\/\/diamond-blackfan.de\/wp-content\/uploads\/2023\/10\/kv-video.jpg 1278w, https:\/\/diamond-blackfan.de\/wp-content\/uploads\/2023\/10\/kv-video-300x169.jpg 300w, https:\/\/diamond-blackfan.de\/wp-content\/uploads\/2023\/10\/kv-video-1024x576.jpg 1024w, https:\/\/diamond-blackfan.de\/wp-content\/uploads\/2023\/10\/kv-video-768x432.jpg 768w\" sizes=\"(max-width: 1278px) 100vw, 1278px\" \/><\/a>\n\t\t\t\t\n\t\t\t\t<h2 class=\"su-post-title\"><a href=\"https:\/\/diamond-blackfan.de\/?p=1925\">Diamond &#8211; Blackfan &#8211; An\u00e4mie Selbsthilfe Deutschland e.V.<\/a><\/h2>\n\n\t\t\t\t<div class=\"su-post-meta\">\n\t\t\t\t\tVer\u00f6ffentlicht: Oktober 21, 2023\t\t\t\t<\/div>\n\n\t\t\t\t<div class=\"su-post-excerpt\">\n\t\t\t\t\t\t\t\t\t<\/div>\n\n\t\t\t\t\n\t\t\t<\/div>\n\n\t\t\t\t\t\n\t\t\t\n\t\t\t<div id=\"su-post-1806\" class=\"su-post \">\n\n\t\t\t\t\t\t\t\t\t<a class=\"su-post-thumbnail\" href=\"https:\/\/diamond-blackfan.de\/?p=1806\"><img loading=\"lazy\" decoding=\"async\" width=\"806\" height=\"453\" src=\"https:\/\/diamond-blackfan.de\/wp-content\/uploads\/2021\/11\/v1prv.jpg\" class=\"attachment-post-thumbnail size-post-thumbnail wp-post-image\" alt=\"\" srcset=\"https:\/\/diamond-blackfan.de\/wp-content\/uploads\/2021\/11\/v1prv.jpg 806w, https:\/\/diamond-blackfan.de\/wp-content\/uploads\/2021\/11\/v1prv-300x169.jpg 300w, https:\/\/diamond-blackfan.de\/wp-content\/uploads\/2021\/11\/v1prv-768x432.jpg 768w\" sizes=\"(max-width: 806px) 100vw, 806px\" \/><\/a>\n\t\t\t\t\n\t\t\t\t<h2 class=\"su-post-title\"><a href=\"https:\/\/diamond-blackfan.de\/?p=1806\">Rare Disease Day<\/a><\/h2>\n\n\t\t\t\t<div class=\"su-post-meta\">\n\t\t\t\t\tVer\u00f6ffentlicht: November 9, 2021\t\t\t\t<\/div>\n\n\t\t\t\t<div class=\"su-post-excerpt\">\n\t\t\t\t\t\t\t\t\t<\/div>\n\n\t\t\t\t\n\t\t\t<\/div>\n\n\t\t\n\t\n<\/div>\n\t\t\t\t<\/div>\n\t\t\t\t<\/div>\n\t\t\t\t\t<\/div>\n\t\t<\/div>\n\t\t\t\t\t<\/div>\n\t\t<\/section>\n\t\t\t\t<\/div>\n\t\t","protected":false},"excerpt":{"rendered":"<p>F\u00f6rderungen Erhaltene F\u00f6rdermittel aus der Gemeinschaftsf\u00f6rderung der gesetzlichen Krankenkassen: GKV -Gemeinschaftsf\u00f6rderung Selbsthilfe auf Bundesebene\u2018 nach \u00a720h SGB V pauschale F\u00f6rdermittel: 2020:\u00a0 5.000,00 EUR 2019:\u00a0 &#8211; 2018:\u00a0 5.000,00 EUR 2017:\u00a0 5.000,00 EUR 2016:\u00a0 3.500,00 EUR 2015:\u00a0 1.500,00 EUR 2014:\u00a0 1.500,00 EUR 2013:\u00a0 1.500,00 EUR \u00a0\u00a0<\/p>\n","protected":false},"author":1,"featured_media":0,"parent":0,"menu_order":0,"comment_status":"closed","ping_status":"closed","template":"elementor_header_footer","meta":{"zakra_sidebar_layout":"customizer","zakra_remove_content_margin":false,"zakra_sidebar":"customizer","zakra_transparent_header":"0","zakra_logo":0,"zakra_main_header_style":"default","zakra_menu_item_color":"","zakra_menu_item_hover_color":"","zakra_menu_item_active_color":"","zakra_menu_active_style":"","zakra_page_header":true,"footnotes":""},"class_list":["post-855","page","type-page","status-publish","hentry"],"_links":{"self":[{"href":"https:\/\/diamond-blackfan.de\/index.php?rest_route=\/wp\/v2\/pages\/855","targetHints":{"allow":["GET"]}}],"collection":[{"href":"https:\/\/diamond-blackfan.de\/index.php?rest_route=\/wp\/v2\/pages"}],"about":[{"href":"https:\/\/diamond-blackfan.de\/index.php?rest_route=\/wp\/v2\/types\/page"}],"author":[{"embeddable":true,"href":"https:\/\/diamond-blackfan.de\/index.php?rest_route=\/wp\/v2\/users\/1"}],"replies":[{"embeddable":true,"href":"https:\/\/diamond-blackfan.de\/index.php?rest_route=%2Fwp%2Fv2%2Fcomments&post=855"}],"version-history":[{"count":14,"href":"https:\/\/diamond-blackfan.de\/index.php?rest_route=\/wp\/v2\/pages\/855\/revisions"}],"predecessor-version":[{"id":1805,"href":"https:\/\/diamond-blackfan.de\/index.php?rest_route=\/wp\/v2\/pages\/855\/revisions\/1805"}],"wp:attachment":[{"href":"https:\/\/diamond-blackfan.de\/index.php?rest_route=%2Fwp%2Fv2%2Fmedia&parent=855"}],"curies":[{"name":"wp","href":"https:\/\/api.w.org\/{rel}","templated":true}]}}