{"id":822,"date":"2019-04-04T08:01:03","date_gmt":"2019-04-04T08:01:03","guid":{"rendered":"http:\/\/diamnd-blackfan-ev-ansicht.advosbrand.de\/?page_id=822"},"modified":"2021-05-25T13:17:41","modified_gmt":"2021-05-25T13:17:41","slug":"spenden","status":"publish","type":"page","link":"https:\/\/diamond-blackfan.de\/?page_id=822","title":{"rendered":"Spenden"},"content":{"rendered":"\t\t<div data-elementor-type=\"wp-post\" data-elementor-id=\"822\" class=\"elementor elementor-822\">\n\t\t\t\t\t\t<section class=\"elementor-section elementor-top-section elementor-element elementor-element-849fa58 elementor-section-stretched elementor-section-boxed elementor-section-height-default elementor-section-height-default\" data-id=\"849fa58\" data-element_type=\"section\" data-settings=\"{&quot;stretch_section&quot;:&quot;section-stretched&quot;,&quot;background_background&quot;:&quot;classic&quot;}\">\n\t\t\t\t\t\t<div class=\"elementor-container elementor-column-gap-default\">\n\t\t\t\t\t<div class=\"elementor-column elementor-col-100 elementor-top-column elementor-element elementor-element-bbfb6ee\" data-id=\"bbfb6ee\" data-element_type=\"column\">\n\t\t\t<div class=\"elementor-widget-wrap elementor-element-populated\">\n\t\t\t\t\t\t<div class=\"elementor-element elementor-element-0475213 elementor-widget__width-auto elementor-widget elementor-widget-heading\" data-id=\"0475213\" data-element_type=\"widget\" data-widget_type=\"heading.default\">\n\t\t\t\t<div class=\"elementor-widget-container\">\n\t\t\t\t\t<h1 class=\"elementor-heading-title elementor-size-default\">Unser verein<br><\/h1>\t\t\t\t<\/div>\n\t\t\t\t<\/div>\n\t\t\t\t<div class=\"elementor-element elementor-element-d3aabab elementor-widget elementor-widget-spacer\" data-id=\"d3aabab\" data-element_type=\"widget\" data-widget_type=\"spacer.default\">\n\t\t\t\t<div class=\"elementor-widget-container\">\n\t\t\t\t\t\t\t<div class=\"elementor-spacer\">\n\t\t\t<div class=\"elementor-spacer-inner\"><\/div>\n\t\t<\/div>\n\t\t\t\t\t\t<\/div>\n\t\t\t\t<\/div>\n\t\t\t\t<div class=\"elementor-element elementor-element-6da0c47 elementor-widget__width-auto elementor-widget elementor-widget-heading\" data-id=\"6da0c47\" data-element_type=\"widget\" data-widget_type=\"heading.default\">\n\t\t\t\t<div class=\"elementor-widget-container\">\n\t\t\t\t\t<h2 class=\"elementor-heading-title elementor-size-default\"><b>GEMEINSAM STARK<\/b><\/h2>\t\t\t\t<\/div>\n\t\t\t\t<\/div>\n\t\t\t\t\t<\/div>\n\t\t<\/div>\n\t\t\t\t\t<\/div>\n\t\t<\/section>\n\t\t\t\t<section class=\"elementor-section elementor-top-section elementor-element elementor-element-41bc911 elementor-section-boxed elementor-section-height-default elementor-section-height-default\" data-id=\"41bc911\" data-element_type=\"section\">\n\t\t\t\t\t\t<div class=\"elementor-container elementor-column-gap-default\">\n\t\t\t\t\t<div class=\"elementor-column elementor-col-100 elementor-top-column elementor-element elementor-element-52af3a5\" data-id=\"52af3a5\" data-element_type=\"column\">\n\t\t\t<div class=\"elementor-widget-wrap elementor-element-populated\">\n\t\t\t\t\t\t<div class=\"elementor-element elementor-element-ba58b6a elementor-widget elementor-widget-heading\" data-id=\"ba58b6a\" data-element_type=\"widget\" data-widget_type=\"heading.default\">\n\t\t\t\t<div class=\"elementor-widget-container\">\n\t\t\t\t\t<h3 class=\"elementor-heading-title elementor-size-large\">Spenden<\/h3>\t\t\t\t<\/div>\n\t\t\t\t<\/div>\n\t\t\t\t<div class=\"elementor-element elementor-element-b6d8207 elementor-widget elementor-widget-text-editor\" data-id=\"b6d8207\" data-element_type=\"widget\" data-widget_type=\"text-editor.default\">\n\t\t\t\t<div class=\"elementor-widget-container\">\n\t\t\t\t\t\t\t\t\t<p>Unser Verein arbeitet ehrenamtlich. F\u00fcr die Verwirklichung unserer Ziele sind wir auf die Hilfe und Gro\u00dfz\u00fcgigkeit vieler Menschen angewiesen.<\/p>\n<p>Wir freuen uns \u00fcber jede Unterst\u00fctzung und sagen Danke den Spendern.<\/p>\n<div>\n<div style=\"float: left;\"><strong>Hier direkt online spenden:<\/strong><\/div>\n<div style=\"clear: left; padding-left: 20px; padding-top: 20px; width: 145px;\">\n<form action=\"https:\/\/www.paypal.com\/cgi-bin\/webscr\" method=\"post\" target=\"_top\">\n<p><input name=\"cmd\" type=\"hidden\" value=\"_s-xclick\"><\/p>\n<p><input name=\"hosted_button_id\" type=\"hidden\" value=\"7DVELAUQXDSR6\"><\/p>\n<p><input title=\"PayPal - The safer, easier way to pay online!\" alt=\"Spenden mit dem PayPal-Button\" name=\"submit\" src=\"https:\/\/www.paypalobjects.com\/de_DE\/DE\/i\/btn\/btn_donateCC_LG.gif\" type=\"image\"><img decoding=\"async\" style=\"font-style: inherit; font-weight: inherit;\" src=\"https:\/\/www.paypal.com\/de_DE\/i\/scr\/pixel.gif\" alt=\"\" width=\"1\" height=\"1\" border=\"0\"><\/p>\n<\/form>\n<\/div>\n<\/div>\n<p><strong style=\"font-style: inherit;\">Oder m\u00f6chten Sie uns einen Verrechnungscheck senden?<\/strong><\/p>\n<p>Bitte senden Sie diesen an:<\/p>\n<p>Diamond &#8211; Blackfan \u2013 An\u00e4mie Selbsthilfe Deutschland e.V.<br>z.H. Beate Buchholz<br>Berliner Stra\u00dfe 40<br>16321 Bernau bei Berlin<\/p>\n<p style=\"clear: left;\"><strong>Sie k\u00f6nnen selbstverst\u00e4ndlich auch per \u00dcberweisung spenden:<\/strong><\/p>\n<p>Unsere Bankverbindung:<br>Raiffeisenbank Bad Schussenried eG<br>IBAN: DE64600693030012444006<br>BIC: GENODES1RBS<\/p>\n<p>Unserem Verein wurde die Gemeinn\u00fctzigkeit zuerkannt. Auf Wunsch stellen wir Ihnen auch eine Spendenquittung aus und ver\u00f6ffentlichen Ihre Spende. Da wir automatisch keine Kontaktdaten erfassen, bitten wir Sie hier um kurze Mitteilung Ihrer Kontaktdaten an <a href=\"mailto:info@diamond-blackfan.de\">info@diamond-blackfan.de<\/a> oder auf dem \u00dcberweisungstr\u00e4ger.<\/p>\n<p><strong>Bitte unterst\u00fctzen Sie uns auch durch ihre Eink\u00e4ufe bei:<\/strong><br><a href=\"http:\/\/www.shopplusplus.de\/diamond-blackfan\" target=\"_blank\" rel=\"noopener\"><img decoding=\"async\" style=\"clear: left;\" src=\"wp-content\/uploads\/2019\/04\/Shoppenhilft_Verein_151x100.png\"><\/a><\/p>\n<p><a href=\"https:\/\/einkaufen.gooding.de\/diamond-blackfan-anaemie-selbsthilfe-deutschland-e-v-82615\" target=\"_blank\" rel=\"noopener\"><img decoding=\"async\" style=\"clear: left; width: 200px;\" src=\"wp-content\/uploads\/2019\/05\/gdng.png\"><\/a><\/p>\n<p><a href=\"https:\/\/smile.amazon.de\/ch\/27-658-51440\" target=\"_blank\" rel=\"noopener\"><img decoding=\"async\" style=\"clear: left; width: 200px;\" src=\"wp-content\/uploads\/2019\/05\/amznsml.jpg\"><\/a><\/p>\t\t\t\t\t\t\t\t<\/div>\n\t\t\t\t<\/div>\n\t\t\t\t\t<\/div>\n\t\t<\/div>\n\t\t\t\t\t<\/div>\n\t\t<\/section>\n\t\t\t\t<\/div>\n\t\t","protected":false},"excerpt":{"rendered":"<p>Unser verein GEMEINSAM STARK Spenden Unser Verein arbeitet ehrenamtlich. F\u00fcr die Verwirklichung unserer Ziele sind wir auf die Hilfe und Gro\u00dfz\u00fcgigkeit vieler Menschen angewiesen. Wir freuen uns \u00fcber jede Unterst\u00fctzung und sagen Danke den Spendern. Hier direkt online spenden: Oder m\u00f6chten Sie uns einen Verrechnungscheck senden? Bitte senden Sie diesen an: Diamond &#8211; Blackfan \u2013 [&hellip;]<\/p>\n","protected":false},"author":1,"featured_media":0,"parent":0,"menu_order":0,"comment_status":"closed","ping_status":"closed","template":"elementor_header_footer","meta":{"zakra_sidebar_layout":"customizer","zakra_remove_content_margin":false,"zakra_sidebar":"customizer","zakra_transparent_header":"0","zakra_logo":0,"zakra_main_header_style":"default","zakra_menu_item_color":"","zakra_menu_item_hover_color":"","zakra_menu_item_active_color":"","zakra_menu_active_style":"","zakra_page_header":true,"footnotes":""},"class_list":["post-822","page","type-page","status-publish","hentry"],"_links":{"self":[{"href":"https:\/\/diamond-blackfan.de\/index.php?rest_route=\/wp\/v2\/pages\/822","targetHints":{"allow":["GET"]}}],"collection":[{"href":"https:\/\/diamond-blackfan.de\/index.php?rest_route=\/wp\/v2\/pages"}],"about":[{"href":"https:\/\/diamond-blackfan.de\/index.php?rest_route=\/wp\/v2\/types\/page"}],"author":[{"embeddable":true,"href":"https:\/\/diamond-blackfan.de\/index.php?rest_route=\/wp\/v2\/users\/1"}],"replies":[{"embeddable":true,"href":"https:\/\/diamond-blackfan.de\/index.php?rest_route=%2Fwp%2Fv2%2Fcomments&post=822"}],"version-history":[{"count":34,"href":"https:\/\/diamond-blackfan.de\/index.php?rest_route=\/wp\/v2\/pages\/822\/revisions"}],"predecessor-version":[{"id":1750,"href":"https:\/\/diamond-blackfan.de\/index.php?rest_route=\/wp\/v2\/pages\/822\/revisions\/1750"}],"wp:attachment":[{"href":"https:\/\/diamond-blackfan.de\/index.php?rest_route=%2Fwp%2Fv2%2Fmedia&parent=822"}],"curies":[{"name":"wp","href":"https:\/\/api.w.org\/{rel}","templated":true}]}}