{"id":812,"date":"2019-04-04T07:59:31","date_gmt":"2019-04-04T07:59:31","guid":{"rendered":"http:\/\/diamnd-blackfan-ev-ansicht.advosbrand.de\/?page_id=812"},"modified":"2022-04-12T08:57:27","modified_gmt":"2022-04-12T08:57:27","slug":"der-verein","status":"publish","type":"page","link":"https:\/\/diamond-blackfan.de\/?page_id=812","title":{"rendered":"Der Verein"},"content":{"rendered":"\t\t<div data-elementor-type=\"wp-post\" data-elementor-id=\"812\" class=\"elementor elementor-812\">\n\t\t\t\t\t\t<section class=\"elementor-section elementor-top-section elementor-element elementor-element-c5577ab elementor-section-stretched elementor-section-boxed elementor-section-height-default elementor-section-height-default\" data-id=\"c5577ab\" data-element_type=\"section\" data-settings=\"{&quot;stretch_section&quot;:&quot;section-stretched&quot;,&quot;background_background&quot;:&quot;classic&quot;}\">\n\t\t\t\t\t\t<div class=\"elementor-container elementor-column-gap-default\">\n\t\t\t\t\t<div class=\"elementor-column elementor-col-100 elementor-top-column elementor-element elementor-element-df6581d\" data-id=\"df6581d\" data-element_type=\"column\">\n\t\t\t<div class=\"elementor-widget-wrap elementor-element-populated\">\n\t\t\t\t\t\t<div class=\"elementor-element elementor-element-0575349 elementor-widget__width-auto elementor-widget elementor-widget-heading\" data-id=\"0575349\" data-element_type=\"widget\" data-widget_type=\"heading.default\">\n\t\t\t\t<div class=\"elementor-widget-container\">\n\t\t\t\t\t<h1 class=\"elementor-heading-title elementor-size-default\">Unser verein<br><\/h1>\t\t\t\t<\/div>\n\t\t\t\t<\/div>\n\t\t\t\t<div class=\"elementor-element elementor-element-3ed4aad elementor-widget elementor-widget-spacer\" data-id=\"3ed4aad\" data-element_type=\"widget\" data-widget_type=\"spacer.default\">\n\t\t\t\t<div class=\"elementor-widget-container\">\n\t\t\t\t\t\t\t<div class=\"elementor-spacer\">\n\t\t\t<div class=\"elementor-spacer-inner\"><\/div>\n\t\t<\/div>\n\t\t\t\t\t\t<\/div>\n\t\t\t\t<\/div>\n\t\t\t\t<div class=\"elementor-element elementor-element-81fcfb3 elementor-widget__width-auto elementor-widget elementor-widget-heading\" data-id=\"81fcfb3\" data-element_type=\"widget\" data-widget_type=\"heading.default\">\n\t\t\t\t<div class=\"elementor-widget-container\">\n\t\t\t\t\t<h2 class=\"elementor-heading-title elementor-size-default\"><b>GEMEINSAM STARK<\/b><\/h2>\t\t\t\t<\/div>\n\t\t\t\t<\/div>\n\t\t\t\t<div class=\"elementor-element elementor-element-dd3f22c elementor-align-left elementor-widget elementor-widget-button\" data-id=\"dd3f22c\" data-element_type=\"widget\" data-widget_type=\"button.default\">\n\t\t\t\t<div class=\"elementor-widget-container\">\n\t\t\t\t\t\t\t\t\t<div class=\"elementor-button-wrapper\">\n\t\t\t\t\t<a class=\"elementor-button elementor-button-link elementor-size-md\" href=\"?page_id=822\">\n\t\t\t\t\t\t<span class=\"elementor-button-content-wrapper\">\n\t\t\t\t\t\t<span class=\"elementor-button-icon\">\n\t\t\t\t\t\t\t\t\t<i class=\"fa fa-long-arrow-right\" aria-hidden=\"true\"><\/i>\n\t\t\t\t\t\t\t<\/span>\n\t\t\t\t\t\t\t\t\t<span class=\"elementor-button-text\">Spenden &amp; helfen<\/span>\n\t\t\t\t\t<\/span>\n\t\t\t\t\t<\/a>\n\t\t\t\t<\/div>\n\t\t\t\t\t\t\t\t<\/div>\n\t\t\t\t<\/div>\n\t\t\t\t\t<\/div>\n\t\t<\/div>\n\t\t\t\t\t<\/div>\n\t\t<\/section>\n\t\t\t\t<section class=\"elementor-section elementor-top-section elementor-element elementor-element-c92d706 elementor-section-boxed elementor-section-height-default elementor-section-height-default\" data-id=\"c92d706\" data-element_type=\"section\">\n\t\t\t\t\t\t<div class=\"elementor-container elementor-column-gap-default\">\n\t\t\t\t\t<div class=\"elementor-column elementor-col-50 elementor-top-column elementor-element elementor-element-fe23bff\" data-id=\"fe23bff\" data-element_type=\"column\">\n\t\t\t<div class=\"elementor-widget-wrap elementor-element-populated\">\n\t\t\t\t\t\t<div class=\"elementor-element elementor-element-0544654 elementor-widget elementor-widget-heading\" data-id=\"0544654\" data-element_type=\"widget\" data-widget_type=\"heading.default\">\n\t\t\t\t<div class=\"elementor-widget-container\">\n\t\t\t\t\t<h3 class=\"elementor-heading-title elementor-size-large\">Der Verein<\/h3>\t\t\t\t<\/div>\n\t\t\t\t<\/div>\n\t\t\t\t<div class=\"elementor-element elementor-element-ffa8969 elementor-widget elementor-widget-text-editor\" data-id=\"ffa8969\" data-element_type=\"widget\" data-widget_type=\"text-editor.default\">\n\t\t\t\t<div class=\"elementor-widget-container\">\n\t\t\t\t\t\t\t\t\t<p>1998 fanden sich 9 Betroffenen zusammen und gr\u00fcndeten die Diamond &#8211; Blackfan \u2014 An\u00e4mie Selbsthilfegruppe e.V.\u00a0 2018 benannte sich der Verein in Diamond &#8211; Blackfan \u2014 An\u00e4mie Selbsthilfe Deutschland e.V. um und \u00e4nderte das Logo.<br \/>Unserem Verein wurde die Gemeinn\u00fctzigkeit zuerkannt.<br \/>Zwischenzeitlich z\u00e4hlt er 90 Mitglieder und w\u00e4chst stetig. In unserer Vereinigung sind alle DBA-Patienten, F\u00f6rder-Mitglieder, Betroffene mit vergleichbaren Bluterkrankungen (MDS, sideroplastische oder dyserythropoetische An\u00e4mie) als Mitglied willkommen.<\/p><p>Einmal im Jahr treffen sich die Mitglieder f\u00fcr ein Wochenende zum gemeinsamen Austausch \u00fcber medizinische Erkenntnisse und Therapieoptionen. Daneben gibt es viel Raum f\u00fcr den pers\u00f6nlichen Austausch. Ebenso stehen weitere Austauschm\u00f6glichkeiten unserer Gruppe \u00fcber Facebook, WhatsApp oder Mail zur Verf\u00fcgung.<\/p>\t\t\t\t\t\t\t\t<\/div>\n\t\t\t\t<\/div>\n\t\t\t\t\t<\/div>\n\t\t<\/div>\n\t\t\t\t<div class=\"elementor-column elementor-col-50 elementor-top-column elementor-element elementor-element-5502e24\" data-id=\"5502e24\" data-element_type=\"column\" data-settings=\"{&quot;background_background&quot;:&quot;classic&quot;}\">\n\t\t\t<div class=\"elementor-widget-wrap elementor-element-populated\">\n\t\t\t\t\t\t<div class=\"elementor-element elementor-element-1836193 elementor-widget elementor-widget-image\" data-id=\"1836193\" data-element_type=\"widget\" data-widget_type=\"image.default\">\n\t\t\t\t<div class=\"elementor-widget-container\">\n\t\t\t\t\t\t\t\t\t\t\t\t\t\t\t\t<a href=\"http:\/\/www.shopplusplus.de\/diamond-blackfan\" target=\"_blank\">\n\t\t\t\t\t\t\t<img decoding=\"async\" width=\"151\" height=\"100\" src=\"https:\/\/diamond-blackfan.de\/wp-content\/uploads\/2019\/04\/Shoppenhilft_Verein_151x100.png\" class=\"attachment-large size-large wp-image-948\" alt=\"\" srcset=\"https:\/\/diamond-blackfan.de\/wp-content\/uploads\/2019\/04\/Shoppenhilft_Verein_151x100.png 151w, https:\/\/diamond-blackfan.de\/wp-content\/uploads\/2019\/04\/Shoppenhilft_Verein_151x100-150x100.png 150w\" sizes=\"(max-width: 151px) 100vw, 151px\" \/>\t\t\t\t\t\t\t\t<\/a>\n\t\t\t\t\t\t\t\t\t\t\t\t\t\t\t<\/div>\n\t\t\t\t<\/div>\n\t\t\t\t<div class=\"elementor-element elementor-element-60ef961 elementor-widget elementor-widget-html\" data-id=\"60ef961\" data-element_type=\"widget\" data-widget_type=\"html.default\">\n\t\t\t\t<div class=\"elementor-widget-container\">\n\t\t\t\t\t<div style=\"text-align:center\"><form action=\"https:\/\/www.paypal.com\/cgi-bin\/webscr\" method=\"post\" target=\"_top\">\r\n\r\n<input type=\"hidden\" name=\"cmd\" value=\"_s-xclick\" \/>\r\n\r\n<input type=\"hidden\" name=\"hosted_button_id\" value=\"7DVELAUQXDSR6\" \/>\r\n\r\n<input type=\"image\" src=\"https:\/\/www.paypalobjects.com\/de_DE\/DE\/i\/btn\/btn_donateCC_LG.gif\" border=\"0\" name=\"submit\" title=\"PayPal - The safer, easier way to pay online!\" alt=\"Spenden mit dem PayPal-Button\" \/>\r\n\r\n<img decoding=\"async\" alt=\"\" border=\"0\" src=\"https:\/\/www.paypal.com\/de_DE\/i\/scr\/pixel.gif\" width=\"1\" height=\"1\" \/>\r\n\r\n<\/form>\r\n<\/div>\t\t\t\t<\/div>\n\t\t\t\t<\/div>\n\t\t\t\t<div class=\"elementor-element elementor-element-f1b9a8c elementor-widget elementor-widget-html\" data-id=\"f1b9a8c\" data-element_type=\"widget\" data-widget_type=\"html.default\">\n\t\t\t\t<div class=\"elementor-widget-container\">\n\t\t\t\t\t\n\n<div class=\"su-posts su-posts-default-loop \">\n\n\t\n\t\t\t\t\t\n\t\t\t\n\t\t\t<div id=\"su-post-1925\" class=\"su-post \">\n\n\t\t\t\t\t\t\t\t\t<a class=\"su-post-thumbnail\" href=\"https:\/\/diamond-blackfan.de\/?p=1925\"><img fetchpriority=\"high\" decoding=\"async\" width=\"1278\" height=\"719\" src=\"https:\/\/diamond-blackfan.de\/wp-content\/uploads\/2023\/10\/kv-video.jpg\" class=\"attachment-post-thumbnail size-post-thumbnail wp-post-image\" alt=\"\" srcset=\"https:\/\/diamond-blackfan.de\/wp-content\/uploads\/2023\/10\/kv-video.jpg 1278w, https:\/\/diamond-blackfan.de\/wp-content\/uploads\/2023\/10\/kv-video-300x169.jpg 300w, https:\/\/diamond-blackfan.de\/wp-content\/uploads\/2023\/10\/kv-video-1024x576.jpg 1024w, https:\/\/diamond-blackfan.de\/wp-content\/uploads\/2023\/10\/kv-video-768x432.jpg 768w\" sizes=\"(max-width: 1278px) 100vw, 1278px\" \/><\/a>\n\t\t\t\t\n\t\t\t\t<h2 class=\"su-post-title\"><a href=\"https:\/\/diamond-blackfan.de\/?p=1925\">Diamond &#8211; Blackfan &#8211; An\u00e4mie Selbsthilfe Deutschland e.V.<\/a><\/h2>\n\n\t\t\t\t<div class=\"su-post-meta\">\n\t\t\t\t\tVer\u00f6ffentlicht: Oktober 21, 2023\t\t\t\t<\/div>\n\n\t\t\t\t<div class=\"su-post-excerpt\">\n\t\t\t\t\t\t\t\t\t<\/div>\n\n\t\t\t\t\n\t\t\t<\/div>\n\n\t\t\t\t\t\n\t\t\t\n\t\t\t<div id=\"su-post-1806\" class=\"su-post \">\n\n\t\t\t\t\t\t\t\t\t<a class=\"su-post-thumbnail\" href=\"https:\/\/diamond-blackfan.de\/?p=1806\"><img loading=\"lazy\" decoding=\"async\" width=\"806\" height=\"453\" src=\"https:\/\/diamond-blackfan.de\/wp-content\/uploads\/2021\/11\/v1prv.jpg\" class=\"attachment-post-thumbnail size-post-thumbnail wp-post-image\" alt=\"\" srcset=\"https:\/\/diamond-blackfan.de\/wp-content\/uploads\/2021\/11\/v1prv.jpg 806w, https:\/\/diamond-blackfan.de\/wp-content\/uploads\/2021\/11\/v1prv-300x169.jpg 300w, https:\/\/diamond-blackfan.de\/wp-content\/uploads\/2021\/11\/v1prv-768x432.jpg 768w\" sizes=\"(max-width: 806px) 100vw, 806px\" \/><\/a>\n\t\t\t\t\n\t\t\t\t<h2 class=\"su-post-title\"><a href=\"https:\/\/diamond-blackfan.de\/?p=1806\">Rare Disease Day<\/a><\/h2>\n\n\t\t\t\t<div class=\"su-post-meta\">\n\t\t\t\t\tVer\u00f6ffentlicht: November 9, 2021\t\t\t\t<\/div>\n\n\t\t\t\t<div class=\"su-post-excerpt\">\n\t\t\t\t\t\t\t\t\t<\/div>\n\n\t\t\t\t\n\t\t\t<\/div>\n\n\t\t\n\t\n<\/div>\n\t\t\t\t<\/div>\n\t\t\t\t<\/div>\n\t\t\t\t\t<\/div>\n\t\t<\/div>\n\t\t\t\t\t<\/div>\n\t\t<\/section>\n\t\t\t\t<\/div>\n\t\t","protected":false},"excerpt":{"rendered":"<p>Unser verein GEMEINSAM STARK Spenden &amp; helfen Der Verein 1998 fanden sich 9 Betroffenen zusammen und gr\u00fcndeten die Diamond &#8211; Blackfan \u2014 An\u00e4mie Selbsthilfegruppe e.V.\u00a0 2018 benannte sich der Verein in Diamond &#8211; Blackfan \u2014 An\u00e4mie Selbsthilfe Deutschland e.V. um und \u00e4nderte das Logo.Unserem Verein wurde die Gemeinn\u00fctzigkeit zuerkannt.Zwischenzeitlich z\u00e4hlt er 90 Mitglieder und w\u00e4chst [&hellip;]<\/p>\n","protected":false},"author":1,"featured_media":0,"parent":0,"menu_order":0,"comment_status":"closed","ping_status":"closed","template":"elementor_header_footer","meta":{"zakra_sidebar_layout":"customizer","zakra_remove_content_margin":false,"zakra_sidebar":"customizer","zakra_transparent_header":"0","zakra_logo":0,"zakra_main_header_style":"default","zakra_menu_item_color":"","zakra_menu_item_hover_color":"","zakra_menu_item_active_color":"","zakra_menu_active_style":"","zakra_page_header":true,"footnotes":""},"class_list":["post-812","page","type-page","status-publish","hentry"],"_links":{"self":[{"href":"https:\/\/diamond-blackfan.de\/index.php?rest_route=\/wp\/v2\/pages\/812","targetHints":{"allow":["GET"]}}],"collection":[{"href":"https:\/\/diamond-blackfan.de\/index.php?rest_route=\/wp\/v2\/pages"}],"about":[{"href":"https:\/\/diamond-blackfan.de\/index.php?rest_route=\/wp\/v2\/types\/page"}],"author":[{"embeddable":true,"href":"https:\/\/diamond-blackfan.de\/index.php?rest_route=\/wp\/v2\/users\/1"}],"replies":[{"embeddable":true,"href":"https:\/\/diamond-blackfan.de\/index.php?rest_route=%2Fwp%2Fv2%2Fcomments&post=812"}],"version-history":[{"count":25,"href":"https:\/\/diamond-blackfan.de\/index.php?rest_route=\/wp\/v2\/pages\/812\/revisions"}],"predecessor-version":[{"id":1849,"href":"https:\/\/diamond-blackfan.de\/index.php?rest_route=\/wp\/v2\/pages\/812\/revisions\/1849"}],"wp:attachment":[{"href":"https:\/\/diamond-blackfan.de\/index.php?rest_route=%2Fwp%2Fv2%2Fmedia&parent=812"}],"curies":[{"name":"wp","href":"https:\/\/api.w.org\/{rel}","templated":true}]}}