{"id":805,"date":"2019-04-04T07:49:46","date_gmt":"2019-04-04T07:49:46","guid":{"rendered":"http:\/\/diamnd-blackfan-ev-ansicht.advosbrand.de\/?page_id=805"},"modified":"2022-04-12T09:37:51","modified_gmt":"2022-04-12T09:37:51","slug":"forschung","status":"publish","type":"page","link":"https:\/\/diamond-blackfan.de\/?page_id=805","title":{"rendered":"Forschung"},"content":{"rendered":"\t\t<div data-elementor-type=\"wp-post\" data-elementor-id=\"805\" class=\"elementor elementor-805\">\n\t\t\t\t\t\t<section class=\"elementor-section elementor-top-section elementor-element elementor-element-71669c8 elementor-section-stretched elementor-section-boxed elementor-section-height-default elementor-section-height-default\" data-id=\"71669c8\" data-element_type=\"section\" data-settings=\"{&quot;stretch_section&quot;:&quot;section-stretched&quot;,&quot;background_background&quot;:&quot;classic&quot;}\">\n\t\t\t\t\t\t<div class=\"elementor-container elementor-column-gap-default\">\n\t\t\t\t\t<div class=\"elementor-column elementor-col-100 elementor-top-column elementor-element elementor-element-239def5\" data-id=\"239def5\" data-element_type=\"column\">\n\t\t\t<div class=\"elementor-widget-wrap elementor-element-populated\">\n\t\t\t\t\t\t<div class=\"elementor-element elementor-element-f353be9 elementor-widget__width-auto elementor-widget elementor-widget-heading\" data-id=\"f353be9\" data-element_type=\"widget\" data-widget_type=\"heading.default\">\n\t\t\t\t<div class=\"elementor-widget-container\">\n\t\t\t\t\t<h1 class=\"elementor-heading-title elementor-size-default\">Diamond - Blackfan \u2013 An\u00e4mie<br \/><\/h1>\t\t\t\t<\/div>\n\t\t\t\t<\/div>\n\t\t\t\t<div class=\"elementor-element elementor-element-45e394a elementor-widget elementor-widget-spacer\" data-id=\"45e394a\" data-element_type=\"widget\" data-widget_type=\"spacer.default\">\n\t\t\t\t<div class=\"elementor-widget-container\">\n\t\t\t\t\t\t\t<div class=\"elementor-spacer\">\n\t\t\t<div class=\"elementor-spacer-inner\"><\/div>\n\t\t<\/div>\n\t\t\t\t\t\t<\/div>\n\t\t\t\t<\/div>\n\t\t\t\t<div class=\"elementor-element elementor-element-86708f3 elementor-widget__width-auto elementor-widget elementor-widget-heading\" data-id=\"86708f3\" data-element_type=\"widget\" data-widget_type=\"heading.default\">\n\t\t\t\t<div class=\"elementor-widget-container\">\n\t\t\t\t\t<h2 class=\"elementor-heading-title elementor-size-default\"><strong>INFOS ZUR KRANKHEIT<\/strong><\/h2>\t\t\t\t<\/div>\n\t\t\t\t<\/div>\n\t\t\t\t<div class=\"elementor-element elementor-element-fb83788 elementor-align-left elementor-widget elementor-widget-button\" data-id=\"fb83788\" data-element_type=\"widget\" data-widget_type=\"button.default\">\n\t\t\t\t<div class=\"elementor-widget-container\">\n\t\t\t\t\t\t\t\t\t<div class=\"elementor-button-wrapper\">\n\t\t\t\t\t<a class=\"elementor-button elementor-button-link elementor-size-md\" href=\"?page_id=822\">\n\t\t\t\t\t\t<span class=\"elementor-button-content-wrapper\">\n\t\t\t\t\t\t<span class=\"elementor-button-icon\">\n\t\t\t\t\t\t\t\t\t<i class=\"fa fa-long-arrow-right\" aria-hidden=\"true\"><\/i>\n\t\t\t\t\t\t\t<\/span>\n\t\t\t\t\t\t\t\t\t<span class=\"elementor-button-text\">Spenden &amp; helfen<\/span>\n\t\t\t\t\t<\/span>\n\t\t\t\t\t<\/a>\n\t\t\t\t<\/div>\n\t\t\t\t\t\t\t\t<\/div>\n\t\t\t\t<\/div>\n\t\t\t\t\t<\/div>\n\t\t<\/div>\n\t\t\t\t\t<\/div>\n\t\t<\/section>\n\t\t\t\t<section class=\"elementor-section elementor-top-section elementor-element elementor-element-63b7edb elementor-section-boxed elementor-section-height-default elementor-section-height-default\" data-id=\"63b7edb\" data-element_type=\"section\">\n\t\t\t\t\t\t<div class=\"elementor-container elementor-column-gap-default\">\n\t\t\t\t\t<div class=\"elementor-column elementor-col-66 elementor-top-column elementor-element elementor-element-9e7d66f\" data-id=\"9e7d66f\" data-element_type=\"column\">\n\t\t\t<div class=\"elementor-widget-wrap elementor-element-populated\">\n\t\t\t\t\t\t<div class=\"elementor-element elementor-element-613147b elementor-widget elementor-widget-heading\" data-id=\"613147b\" data-element_type=\"widget\" data-widget_type=\"heading.default\">\n\t\t\t\t<div class=\"elementor-widget-container\">\n\t\t\t\t\t<h3 class=\"elementor-heading-title elementor-size-large\">Forschung<\/h3>\t\t\t\t<\/div>\n\t\t\t\t<\/div>\n\t\t\t\t<div class=\"elementor-element elementor-element-42bc372 elementor-widget elementor-widget-text-editor\" data-id=\"42bc372\" data-element_type=\"widget\" data-widget_type=\"text-editor.default\">\n\t\t\t\t<div class=\"elementor-widget-container\">\n\t\t\t\t\t\t\t\t\t<p><strong>Forschende des Konsortiums \u201eDBAGeneCure\u201c wollen Diamond Blackfan An\u00e4mie mittels Gentherapie heilen<br \/><\/strong>Die Diamond-Blackfan-An\u00e4mie (DBA) ist eine seltene, angeborene Erkrankung, die sich bei den meisten Patient*innen in Form einer An\u00e4mie (Blutarmut) zeigt. Sie wurde erstmals im Jahr 1938 von den amerikanischen Kinder\u00e4rzten Louis Diamond und Kenneth Blackfan beschrieben. Die DBA ist durch eine St\u00f6rung der Bildung roter Blutk\u00f6rperchen charakterisiert und geht h\u00e4ufig mit anderen angeborenen Fehlbildungen und einem erh\u00f6hten Risiko f\u00fcr Krebserkrankungen einher. M\u00f6gliche Therapien sind die Gabe von Kortikosteroiden und Bluttransfusionen, eine Heilung ist bislang nur durch eine Knochenmarktransplantation m\u00f6glich. Forscher*innen und \u00c4rzt*innen aus Madrid, Br\u00fcssel, Paris, Freiburg und Heidelberg haben sich nun zum Konsortium \u201eDBAGeneCure\u201c zusammengeschlossen um die Sicherheit und Wirksamkeit einer Gentherapie als alternative Methode zur Heilung der DBA in einer pr\u00e4klinischen Studie zu erforschen. Auch Patientenorganisationen wie die \u201eDiamond-Blackfan-An\u00e4mie Selbsthilfe e.V.\u201c beteiligen sich an dem Konsortium. DBAGeneCure wird im Rahmen des EU Programms \u201eEuropean Joint Programme on Rare Diseases\u201c vom Bundesministerium f\u00fcr Bildung und Forschung mit insgesamt 1,7 Mio \u20ac gef\u00f6rdert. Die Aufgaben des Freiburger Teams am Zentrum f\u00fcr Kinder- und Jugendmedizin unter Projektleiterin Professorin Charlotte Niemeyer sind unter anderem die Rekrutierung und Aufkl\u00e4rung von Studienteilnehmer*Innen, die klinische und genetische Diagnose der DBA, die Gewinnung und Konservierung von Biomaterial und die funktionale und molekulare Charakterisierung von h\u00e4matopoetischen Stamm- und Vorl\u00e4uferzellen. Grundlage hierf\u00fcr bilden das Deutsche DBA Register, das derzeit mehr als 600 zumeist in Deutschland lebende Patient*innen mit einer DBA erfasst und unter Leitung von Frau Professorin Niemeyer von Freiburg aus koordiniert wird, und die HILDA Biobank am Zentrum f\u00fcr Kinder- und Jugendmedizin am Universit\u00e4tsklinikum Freiburg, wo Biomaterialien verarbeitet und archiviert sowie zugeh\u00f6rige medizinische Daten gesammelt werden, um sie zielgerichtet und transparent in der Forschung zum Wohl der Patient*innen einzusetzen.<br \/><em>Pressemitteilung DBAGeneCure<\/em><\/p><p><strong>Marianne und Boris sind Eltern von zwei betroffenen Kindern:<\/strong><br \/>\u201eSeit Geburt an leiden Josefine (4 Jahre) und Luis (5 Jahre) an DBA (Diamond-Blackfan-An\u00e4mie). Das bedeutet, dass sie transfusionsabh\u00e4ngig sind und daher auch schwere Medikamente gegen die Eisen\u00fcberlagerung nehmen m\u00fcssen. Josefine und Luis produzieren keine roten Blutk\u00f6rperchen und m\u00fcssen daher alle drei Wochen zur \u201eBluttankstelle\u201c in die St. Anna Kinderklinik, wo sie transfundiert werden.<\/p><p>Die Forschung allerdings, warum es zum Ausbruch von DBA kommt, steckt nach wie vor in ihren Kinderschuhen. Wir sehen uns nicht nur in unserer Liebe den Kindern gegen\u00fcber verantwortlich alles zu tun, um herauszufinden, welche Ursachen DBA hat, sondern sind der \u00dcberzeugung, dass die Erforschung dieser Ursachen weitreichende Erkenntnisse auch f\u00fcr andere F\u00e4lle der Erkrankung des blutbildenden Knochenmarks bringen kann.<\/p><p>Aus der Literatur wissen wir, dass in sehr vielen F\u00e4llen die Erforschung von Krankheiten ihren Ausgangspunkt in der Betroffenheit Einzelner gefunden hat und in ihrem rastlosen Engagement, sich nicht mit dem Status Quo zufrieden zu geben. Alle diese F\u00e4lle wollen wir als Vorbild nehmen und sind \u00fcberzeugt, in der Kooperation mit dem Team vom IMBA aus diesem Anlass heraus etwas Gro\u00dfartiges f\u00fcr die Wissenschaft und die Erforschung von seltenen Krankheiten leisten zu k\u00f6nnen. Und nat\u00fcrlich liegt es uns am Herzen, f\u00fcr unsere beiden Kinder Josefine und Luis eine Antwort auf ihr Leiden zu finden\u201c.<\/p><p>Die Arbeitsgruppen von Prof. Josef Penninger (IMBA) und Dr. Javier Martinez (Medizinische Universit\u00e4t Wien\/IMBA) versuchen, die molekularen Mechanismen von DBA aufzukl\u00e4ren, die der Erkrankung zu Grunde liegen. Aus Blutproben der betroffenen Familie werden Zellen zur Analyse gewonnen. Danach sollen Zellen aus dem Bindegewebe und dem Blut zur Gewinnung von noch nicht spezialisierten Stammzellen herangezogen werden, um diese anschlie\u00dfend in Zelllinien roter Blutk\u00f6rperchen zu differenzieren. Davon erwartet man sich wichtige Aufschl\u00fcsse \u00fcber jenen Reifungsschritt im Laufe der Bildung von roten Blutk\u00f6rperchen, der bei den Patienten gehemmt ist. Dieses molekulare Verst\u00e4ndnis ist f\u00fcr das Entwickeln einer m\u00f6glichen Therapie notwendig.<\/p><p><a href=\"http:\/\/www.dbaexperiment.org\" target=\"_blank\" rel=\"noopener\">Quelle: www.dbaexperiment.org<\/a><\/p><p><b>Therapieoptimierungsstudie<\/b><br \/>Von Freiburg aus f\u00fchrt Frau Prof. C. Niemeyer mit Mitarbeitern seit dem Jahr 2000 eine nationale Therapieoptimierungsstudie durch. Hauptziel dieser Studie ist es, m\u00f6glichst alle DBA-Patienten in Deutschland zu erfassen und bez\u00fcglich Diagnostik und Therapie entsprechend den Vorgaben eines Studienprotokolls und internationalen Consensus-Richtlinien gemeinsam mit den \u00c4rzten vor Ort zu betreuen. Hierdurch m\u00f6chten wir erreichen, die langfristige Betreuung von DBA-Patienten zu optimieren und somit Lebensqualit\u00e4t und Prognose zu verbessern. Im Rahmen unserer Studie bieten wir neben diagnostischen Tests (Adenosindesaminase \/ ADA, H\u00e4moglobin F, Knochenmarkbeurteilung) auch allen DBA-Patienten die M\u00f6glichkeit an, sich zu einem ausf\u00fchrlichen beratenden Gespr\u00e4ch in Freiburg vorzustellen.<\/p><p><a href=\"https:\/\/www.uniklinik-freiburg.de\/paed-haematologie\/was-wir-tun\/klinische-forschung\/diamond-blackfan-anaemie.html\" target=\"_blank\" rel=\"noopener\">Quelle: https:\/\/www.uniklinik-freiburg.de\/paed-haematologie\/was-wir-tun\/klinische-forschung\/diamond-blackfan-anaemie.html<\/a><\/p><p><b>Europ\u00e4isches Diamond-Blackfan-An\u00e4mie-Konsortium (EuroDBA)<\/b><br \/>Das erste EuroDBA Konsortium wurde 2012 mit dem Ziel gegr\u00fcndet, neue genetische Defekte zu identifizieren und die Pathogenese von DBA zu untersuchen. Seither wurden erfolgreich die gro\u00dfen europ\u00e4ischen DBA-Patientenregister etabliert, neue Gen-Mutationen identifiziert und charakterisiert, sowie Studien zu neuen molekularen Pathomechanismen publiziert. Dies f\u00fchrte zu gro\u00dfer internationaler Akzeptanz und Beachtung, sowohl in der DBA-Forschergemeinschaft als auch bei Patienten. Um diese erfolgreiche Arbeit weiterzuf\u00fchren, soll das Konsortium um weitere europ\u00e4ische Gruppen erweitert werden. Diese sollen bei der Etablierung nationaler Register\/Biobanken und Patientenselbsthilfegruppen unterst\u00fctzt werden.<\/p><p><a href=\"http:\/\/www.eurodba.eu\" target=\"_blank\" rel=\"noopener\">Quelle: http:\/\/www.eurodba.eu<\/a><\/p><p><strong>Forschungsprojekt Euro-DBA<\/strong><br \/>Im Rahmen eines Verbundprojektes der Kliniken Freiburg, Utrecht und Paris wurde das Forschungsprojekt EURO-DBA mit Einzelforschungen gestartet.<\/p><p><a href=\"http:\/\/www.gesundheitsforschung-bmbf.de\" target=\"_blank\" rel=\"noopener\">www.gesundheitsforschung-bmbf.de<\/a> und bei Suchbegriff \u201eDiamond\u201c eingeben<\/p>\t\t\t\t\t\t\t\t<\/div>\n\t\t\t\t<\/div>\n\t\t\t\t\t<\/div>\n\t\t<\/div>\n\t\t\t\t<div class=\"elementor-column elementor-col-33 elementor-top-column elementor-element elementor-element-002afc9\" data-id=\"002afc9\" data-element_type=\"column\" data-settings=\"{&quot;background_background&quot;:&quot;classic&quot;}\">\n\t\t\t<div class=\"elementor-widget-wrap elementor-element-populated\">\n\t\t\t\t\t\t<div class=\"elementor-element elementor-element-2a1a196 elementor-widget elementor-widget-image\" data-id=\"2a1a196\" data-element_type=\"widget\" data-widget_type=\"image.default\">\n\t\t\t\t<div class=\"elementor-widget-container\">\n\t\t\t\t\t\t\t\t\t\t\t\t\t\t\t\t<a href=\"http:\/\/www.shopplusplus.de\/diamond-blackfan\" target=\"_blank\">\n\t\t\t\t\t\t\t<img decoding=\"async\" width=\"151\" height=\"100\" src=\"https:\/\/diamond-blackfan.de\/wp-content\/uploads\/2019\/04\/Shoppenhilft_Verein_151x100.png\" class=\"attachment-large size-large wp-image-948\" alt=\"\" srcset=\"https:\/\/diamond-blackfan.de\/wp-content\/uploads\/2019\/04\/Shoppenhilft_Verein_151x100.png 151w, https:\/\/diamond-blackfan.de\/wp-content\/uploads\/2019\/04\/Shoppenhilft_Verein_151x100-150x100.png 150w\" sizes=\"(max-width: 151px) 100vw, 151px\" \/>\t\t\t\t\t\t\t\t<\/a>\n\t\t\t\t\t\t\t\t\t\t\t\t\t\t\t<\/div>\n\t\t\t\t<\/div>\n\t\t\t\t<div class=\"elementor-element elementor-element-5ed20a3 elementor-widget elementor-widget-html\" data-id=\"5ed20a3\" data-element_type=\"widget\" data-widget_type=\"html.default\">\n\t\t\t\t<div class=\"elementor-widget-container\">\n\t\t\t\t\t<div style=\"text-align:center\"><form action=\"https:\/\/www.paypal.com\/cgi-bin\/webscr\" method=\"post\" target=\"_top\">\r\n\r\n<input type=\"hidden\" name=\"cmd\" value=\"_s-xclick\" \/>\r\n\r\n<input type=\"hidden\" name=\"hosted_button_id\" value=\"7DVELAUQXDSR6\" \/>\r\n\r\n<input type=\"image\" src=\"https:\/\/www.paypalobjects.com\/de_DE\/DE\/i\/btn\/btn_donateCC_LG.gif\" border=\"0\" name=\"submit\" title=\"PayPal - The safer, easier way to pay online!\" alt=\"Spenden mit dem PayPal-Button\" \/>\r\n\r\n<img decoding=\"async\" alt=\"\" border=\"0\" src=\"https:\/\/www.paypal.com\/de_DE\/i\/scr\/pixel.gif\" width=\"1\" height=\"1\" \/>\r\n\r\n<\/form>\r\n<\/div>\t\t\t\t<\/div>\n\t\t\t\t<\/div>\n\t\t\t\t<div class=\"elementor-element elementor-element-998f87c elementor-widget elementor-widget-html\" data-id=\"998f87c\" data-element_type=\"widget\" data-widget_type=\"html.default\">\n\t\t\t\t<div class=\"elementor-widget-container\">\n\t\t\t\t\t\n\n<div class=\"su-posts su-posts-default-loop \">\n\n\t\n\t\t\t\t\t\n\t\t\t\n\t\t\t<div id=\"su-post-1925\" class=\"su-post \">\n\n\t\t\t\t\t\t\t\t\t<a class=\"su-post-thumbnail\" href=\"https:\/\/diamond-blackfan.de\/?p=1925\"><img fetchpriority=\"high\" decoding=\"async\" width=\"1278\" height=\"719\" src=\"https:\/\/diamond-blackfan.de\/wp-content\/uploads\/2023\/10\/kv-video.jpg\" class=\"attachment-post-thumbnail size-post-thumbnail wp-post-image\" alt=\"\" srcset=\"https:\/\/diamond-blackfan.de\/wp-content\/uploads\/2023\/10\/kv-video.jpg 1278w, https:\/\/diamond-blackfan.de\/wp-content\/uploads\/2023\/10\/kv-video-300x169.jpg 300w, https:\/\/diamond-blackfan.de\/wp-content\/uploads\/2023\/10\/kv-video-1024x576.jpg 1024w, https:\/\/diamond-blackfan.de\/wp-content\/uploads\/2023\/10\/kv-video-768x432.jpg 768w\" sizes=\"(max-width: 1278px) 100vw, 1278px\" \/><\/a>\n\t\t\t\t\n\t\t\t\t<h2 class=\"su-post-title\"><a href=\"https:\/\/diamond-blackfan.de\/?p=1925\">Diamond &#8211; Blackfan &#8211; An\u00e4mie Selbsthilfe Deutschland e.V.<\/a><\/h2>\n\n\t\t\t\t<div class=\"su-post-meta\">\n\t\t\t\t\tVer\u00f6ffentlicht: Oktober 21, 2023\t\t\t\t<\/div>\n\n\t\t\t\t<div class=\"su-post-excerpt\">\n\t\t\t\t\t\t\t\t\t<\/div>\n\n\t\t\t\t\n\t\t\t<\/div>\n\n\t\t\t\t\t\n\t\t\t\n\t\t\t<div id=\"su-post-1806\" class=\"su-post \">\n\n\t\t\t\t\t\t\t\t\t<a class=\"su-post-thumbnail\" href=\"https:\/\/diamond-blackfan.de\/?p=1806\"><img loading=\"lazy\" decoding=\"async\" width=\"806\" height=\"453\" src=\"https:\/\/diamond-blackfan.de\/wp-content\/uploads\/2021\/11\/v1prv.jpg\" class=\"attachment-post-thumbnail size-post-thumbnail wp-post-image\" alt=\"\" srcset=\"https:\/\/diamond-blackfan.de\/wp-content\/uploads\/2021\/11\/v1prv.jpg 806w, https:\/\/diamond-blackfan.de\/wp-content\/uploads\/2021\/11\/v1prv-300x169.jpg 300w, https:\/\/diamond-blackfan.de\/wp-content\/uploads\/2021\/11\/v1prv-768x432.jpg 768w\" sizes=\"(max-width: 806px) 100vw, 806px\" \/><\/a>\n\t\t\t\t\n\t\t\t\t<h2 class=\"su-post-title\"><a href=\"https:\/\/diamond-blackfan.de\/?p=1806\">Rare Disease Day<\/a><\/h2>\n\n\t\t\t\t<div class=\"su-post-meta\">\n\t\t\t\t\tVer\u00f6ffentlicht: November 9, 2021\t\t\t\t<\/div>\n\n\t\t\t\t<div class=\"su-post-excerpt\">\n\t\t\t\t\t\t\t\t\t<\/div>\n\n\t\t\t\t\n\t\t\t<\/div>\n\n\t\t\n\t\n<\/div>\n\t\t\t\t<\/div>\n\t\t\t\t<\/div>\n\t\t\t\t\t<\/div>\n\t\t<\/div>\n\t\t\t\t\t<\/div>\n\t\t<\/section>\n\t\t\t\t<\/div>\n\t\t","protected":false},"excerpt":{"rendered":"<p>Diamond &#8211; Blackfan \u2013 An\u00e4mie INFOS ZUR KRANKHEIT Spenden &amp; helfen Forschung Forschende des Konsortiums \u201eDBAGeneCure\u201c wollen Diamond Blackfan An\u00e4mie mittels Gentherapie heilenDie Diamond-Blackfan-An\u00e4mie (DBA) ist eine seltene, angeborene Erkrankung, die sich bei den meisten Patient*innen in Form einer An\u00e4mie (Blutarmut) zeigt. Sie wurde erstmals im Jahr 1938 von den amerikanischen Kinder\u00e4rzten Louis Diamond und [&hellip;]<\/p>\n","protected":false},"author":1,"featured_media":0,"parent":0,"menu_order":0,"comment_status":"closed","ping_status":"closed","template":"elementor_header_footer","meta":{"zakra_sidebar_layout":"customizer","zakra_remove_content_margin":false,"zakra_sidebar":"customizer","zakra_transparent_header":"0","zakra_logo":0,"zakra_main_header_style":"default","zakra_menu_item_color":"","zakra_menu_item_hover_color":"","zakra_menu_item_active_color":"","zakra_menu_active_style":"","zakra_page_header":true,"footnotes":""},"class_list":["post-805","page","type-page","status-publish","hentry"],"_links":{"self":[{"href":"https:\/\/diamond-blackfan.de\/index.php?rest_route=\/wp\/v2\/pages\/805","targetHints":{"allow":["GET"]}}],"collection":[{"href":"https:\/\/diamond-blackfan.de\/index.php?rest_route=\/wp\/v2\/pages"}],"about":[{"href":"https:\/\/diamond-blackfan.de\/index.php?rest_route=\/wp\/v2\/types\/page"}],"author":[{"embeddable":true,"href":"https:\/\/diamond-blackfan.de\/index.php?rest_route=\/wp\/v2\/users\/1"}],"replies":[{"embeddable":true,"href":"https:\/\/diamond-blackfan.de\/index.php?rest_route=%2Fwp%2Fv2%2Fcomments&post=805"}],"version-history":[{"count":21,"href":"https:\/\/diamond-blackfan.de\/index.php?rest_route=\/wp\/v2\/pages\/805\/revisions"}],"predecessor-version":[{"id":1947,"href":"https:\/\/diamond-blackfan.de\/index.php?rest_route=\/wp\/v2\/pages\/805\/revisions\/1947"}],"wp:attachment":[{"href":"https:\/\/diamond-blackfan.de\/index.php?rest_route=%2Fwp%2Fv2%2Fmedia&parent=805"}],"curies":[{"name":"wp","href":"https:\/\/api.w.org\/{rel}","templated":true}]}}